{"id":666,"date":"2026-03-10T02:59:08","date_gmt":"2026-03-10T02:59:08","guid":{"rendered":"https:\/\/edecanescancun.mx\/?page_id=666"},"modified":"2026-03-31T03:30:02","modified_gmt":"2026-03-31T03:30:02","slug":"inicio","status":"publish","type":"page","link":"https:\/\/edecanescancun.mx\/en\/inicio\/","title":{"rendered":"HOME"},"content":{"rendered":"\n<p class=\"has-text-align-center\">EDECANES PARA CONVENCIONES, CONGRESOS Y ACTIVACIONES EN CANCUN<\/p>\n\n\n\n<div class=\"alignnormal\"><div id=\"metaslider-id-592\" style=\"width: 100%;\" class=\"ml-slider-3-107-0 metaslider metaslider-flex metaslider-592 ml-slider has-dots-nav ms-theme-default-base\" role=\"region\" aria-label=\"GOOGLE gemini INTELIGENCIA artificial BIENVENIDA\" data-height=\"300\" data-width=\"700\">\n    <div id=\"metaslider_container_592\">\n        <div id=\"metaslider_592\">\n            <ul aria-live='off' class='slides'>\n                <li style=\"display: block; width: 100%;\" class=\"slide-593 ms-image \" aria-roledescription=\"slide\" data-date=\"2026-01-06 03:26:35\" data-filename=\"Modelos-y-edecanes-en-Cancun-y-Playa-del-Carmen-MEXICO-600x257.jpg\" data-slide-type=\"image\"><a href=\"https:\/\/edecanescancun.mx\/servicios-que-ofrecemos\/\" target=\"_self\" aria-label=\"EDECANES para CONVENCIONES en CANCUN\" class=\"metaslider_image_link\"><img decoding=\"async\" src=\"https:\/\/edecanescancun.mx\/wp-content\/uploads\/2025\/12\/Modelos-y-edecanes-en-Cancun-y-Playa-del-Carmen-MEXICO-600x257.jpg\" height=\"300\" width=\"700\" alt=\"Modelos-y-edecanes-en-Cancun-y-Playa-del-Carmen-MEXICO\" class=\"slider-592 slide-593 msDefaultImage\" title=\"Modelos-y-edecanes-en-Cancun-y-Playa-del-Carmen-MEXICO\" \/><\/a><\/li>\n                <li style=\"display: none; width: 100%;\" class=\"slide-594 ms-image \" aria-roledescription=\"slide\" data-date=\"2026-01-06 03:28:40\" data-filename=\"EDECAN-PLAYA-DEL-CARMEN-SOFIA-500x214.jpg\" data-slide-type=\"image\"><a href=\"https:\/\/edecanescancun.mx\/edecanes-modelos\/\" target=\"_self\" aria-label=\"EDECANES para ACTIVACIONES en CANCUN\" class=\"metaslider_image_link\"><img decoding=\"async\" src=\"https:\/\/edecanescancun.mx\/wp-content\/uploads\/2025\/12\/EDECAN-PLAYA-DEL-CARMEN-SOFIA-500x214.jpg\" height=\"300\" width=\"700\" alt=\"EDECAN-PLAYA-DEL-CARMEN-SOFIA\" class=\"slider-592 slide-594 msDefaultImage\" title=\"EDECAN-PLAYA-DEL-CARMEN-SOFIA\" \/><\/a><\/li>\n                <li style=\"display: none; width: 100%;\" class=\"slide-595 ms-image \" aria-roledescription=\"slide\" data-date=\"2026-01-06 03:30:20\" data-filename=\"edecanes-en-cancun-PROMOTORAS-aaa-2026-2027-496x212.jpg\" data-slide-type=\"image\"><a href=\"https:\/\/edecanescancun.mx\/contacto-a-clientes\/\" target=\"_self\" aria-label=\"agencias EDECANES y PROMOTORAS en CANCUN\" class=\"metaslider_image_link\"><img decoding=\"async\" src=\"https:\/\/edecanescancun.mx\/wp-content\/uploads\/2025\/12\/edecanes-en-cancun-PROMOTORAS-aaa-2026-2027-496x212.jpg\" height=\"300\" width=\"700\" alt=\"edecanes-en-cancun-PROMOTORAS-aaa-2026-2027\" class=\"slider-592 slide-595 msDefaultImage\" title=\"edecanes-en-cancun-PROMOTORAS-aaa-2026-2027\" \/><\/a><\/li>\n            <\/ul>\n        <\/div>\n        \n    <\/div>\n<\/div><\/div>\n\n\n<ul class=\"wp-block-latest-posts__list is-grid columns-2 has-dates has-author wp-block-latest-posts\"><li><div class=\"wp-block-latest-posts__featured-image aligncenter\"><img decoding=\"async\" width=\"300\" height=\"242\" src=\"https:\/\/edecanescancun.mx\/wp-content\/uploads\/2025\/12\/edecanes-en-cancun-PROMOTORAS-aaa-2026-2027-300x242.jpg\" class=\"attachment-medium size-medium wp-post-image\" alt=\"edecanes-en-cancun-PROMOTORAS-aaa-2026-2027\" style=\"\" srcset=\"https:\/\/edecanescancun.mx\/wp-content\/uploads\/2025\/12\/edecanes-en-cancun-PROMOTORAS-aaa-2026-2027-300x242.jpg 300w, https:\/\/edecanescancun.mx\/wp-content\/uploads\/2025\/12\/edecanes-en-cancun-PROMOTORAS-aaa-2026-2027.jpg 496w\" sizes=\"(max-width: 300px) 100vw, 300px\" \/><\/div><a class=\"wp-block-latest-posts__post-title\" href=\"https:\/\/edecanescancun.mx\/en\/activaciones-de-marca\/\">ACTIVACIONES de MARCA<\/a><div class=\"wp-block-latest-posts__post-author\">by EDECANES_cancun<\/div><time datetime=\"2026-01-18T22:14:48+00:00\" class=\"wp-block-latest-posts__post-date\">January 18, 2026<\/time><div class=\"wp-block-latest-posts__post-excerpt\">[ ] Mira a nuestro equipo en acci\u00f3n. Aqu\u00ed puedes ver una de nuestras activaciones recientes en Canc\u00fan para Fabrica de &#8230; <a title=\"ACTIVACIONES de MARCA\" class=\"read-more\" href=\"https:\/\/edecanescancun.mx\/en\/activaciones-de-marca\/\" aria-label=\"Read more about ACTIVACIONES de MARCA\">Read more<\/a><\/div><\/li>\n<li><div class=\"wp-block-latest-posts__featured-image aligncenter\"><img decoding=\"async\" width=\"225\" height=\"300\" src=\"https:\/\/edecanescancun.mx\/wp-content\/uploads\/2026\/01\/Call-to-action-una-edecan-muestra-en-vestido-elegante-el-telefono-de-la-agencia-cancun-225x300.jpg\" class=\"attachment-medium size-medium wp-post-image\" alt=\"Edecanes EXPERTAS para Convenciones en la Zona hotelera de Cancun\" style=\"\" srcset=\"https:\/\/edecanescancun.mx\/wp-content\/uploads\/2026\/01\/Call-to-action-una-edecan-muestra-en-vestido-elegante-el-telefono-de-la-agencia-cancun-225x300.jpg 225w, https:\/\/edecanescancun.mx\/wp-content\/uploads\/2026\/01\/Call-to-action-una-edecan-muestra-en-vestido-elegante-el-telefono-de-la-agencia-cancun.jpg 300w\" sizes=\"(max-width: 225px) 100vw, 225px\" \/><\/div><a class=\"wp-block-latest-posts__post-title\" href=\"https:\/\/edecanescancun.mx\/en\/edecanes-profesionales-para-convenciones-en-la-zona-hotelera-de-cancun\/\">Edecanes profesionales para Convenciones en la Zona hotelera de Cancun<\/a><div class=\"wp-block-latest-posts__post-author\">by EDECANES_cancun<\/div><time datetime=\"2026-01-13T04:36:12+00:00\" class=\"wp-block-latest-posts__post-date\">January 13, 2026<\/time><div class=\"wp-block-latest-posts__post-excerpt\">Descubre como las edecanes para convenciones en Cancun elevan la experiencia de tus eventos en la vibrante Zona Hotelera. Estas profesionales &#8230; <a title=\"Edecanes profesionales para Convenciones en la Zona hotelera de Cancun\" class=\"read-more\" href=\"https:\/\/edecanescancun.mx\/en\/edecanes-profesionales-para-convenciones-en-la-zona-hotelera-de-cancun\/\" aria-label=\"Read more about Edecanes profesionales para Convenciones en la Zona hotelera de Cancun\">Read more<\/a><\/div><\/li>\n<li><div class=\"wp-block-latest-posts__featured-image aligncenter\"><img decoding=\"async\" width=\"300\" height=\"197\" src=\"https:\/\/edecanescancun.mx\/wp-content\/uploads\/2025\/12\/HOSTESS-and-MODELS-cancun-2026-2027-300x197.jpg\" class=\"attachment-medium size-medium wp-post-image\" alt=\"HOSTESS-and-MODELS-cancun-2026-2027\" style=\"\" srcset=\"https:\/\/edecanescancun.mx\/wp-content\/uploads\/2025\/12\/HOSTESS-and-MODELS-cancun-2026-2027-300x197.jpg 300w, https:\/\/edecanescancun.mx\/wp-content\/uploads\/2025\/12\/HOSTESS-and-MODELS-cancun-2026-2027.jpg 600w\" sizes=\"(max-width: 300px) 100vw, 300px\" \/><\/div><a class=\"wp-block-latest-posts__post-title\" href=\"https:\/\/edecanescancun.mx\/en\/servicios-que-ofrecemos\/\">SERVICIOS DE NUESTRA AGENCIA DE MODELOS Y EDECANES EN CANCUN<\/a><div class=\"wp-block-latest-posts__post-author\">by EDECANES_cancun<\/div><time datetime=\"2026-01-01T11:55:39+00:00\" class=\"wp-block-latest-posts__post-date\">January 1, 2026<\/time><div class=\"wp-block-latest-posts__post-excerpt\">Agencia de Modelos en Cancun | Servicios Premium AAA Cancun no es solo el destino turistico n\u00famero uno de Mexico; es &#8230; <a title=\"SERVICIOS DE NUESTRA AGENCIA DE MODELOS Y EDECANES EN CANCUN\" class=\"read-more\" href=\"https:\/\/edecanescancun.mx\/en\/servicios-que-ofrecemos\/\" aria-label=\"Read more about SERVICIOS DE NUESTRA AGENCIA DE MODELOS Y EDECANES EN CANCUN\">Read more<\/a><\/div><\/li>\n<li><div class=\"wp-block-latest-posts__featured-image aligncenter\"><img decoding=\"async\" width=\"174\" height=\"300\" src=\"https:\/\/edecanescancun.mx\/wp-content\/uploads\/2025\/12\/MOON-palace-CANCUN-models-HOSTESS-174x300.jpg\" class=\"attachment-medium size-medium wp-post-image\" alt=\"MOON-palace-CANCUN-models-HOSTESS\" style=\"\" srcset=\"https:\/\/edecanescancun.mx\/wp-content\/uploads\/2025\/12\/MOON-palace-CANCUN-models-HOSTESS-174x300.jpg 174w, https:\/\/edecanescancun.mx\/wp-content\/uploads\/2025\/12\/MOON-palace-CANCUN-models-HOSTESS.jpg 232w\" sizes=\"(max-width: 174px) 100vw, 174px\" \/><\/div><a class=\"wp-block-latest-posts__post-title\" href=\"https:\/\/edecanescancun.mx\/en\/edecanes-modelos\/\">EDECANES MODELOS<\/a><div class=\"wp-block-latest-posts__post-author\">by EDECANES_cancun<\/div><time datetime=\"2026-01-01T11:33:25+00:00\" class=\"wp-block-latest-posts__post-date\">January 1, 2026<\/time><div class=\"wp-block-latest-posts__post-excerpt\">Agencia de Damas en Cancun | Imagen de Alto Nivel En un destino tan importante como el Caribe mexicano, la presencia &#8230; <a title=\"EDECANES MODELOS\" class=\"read-more\" href=\"https:\/\/edecanescancun.mx\/en\/edecanes-modelos\/\" aria-label=\"Read more about EDECANES MODELOS\">Read more<\/a><\/div><\/li>\n<li><div class=\"wp-block-latest-posts__featured-image aligncenter\"><img decoding=\"async\" width=\"185\" height=\"300\" src=\"https:\/\/edecanescancun.mx\/wp-content\/uploads\/2025\/12\/Centro-de-convenciones-de-Cancun-Un-punto-de-encuentro-internacional-para-negocios-educacion-eventos-medio-ambiente-y-cultura-cancun-center-185x300.jpg\" class=\"attachment-medium size-medium wp-post-image\" alt=\"Centro-de-convenciones-de-Cancun-Un-punto-de-encuentro-internacional-para-negocios-educacion-eventos-medio-ambiente-y-cultura-cancun-center\" style=\"\" srcset=\"https:\/\/edecanescancun.mx\/wp-content\/uploads\/2025\/12\/Centro-de-convenciones-de-Cancun-Un-punto-de-encuentro-internacional-para-negocios-educacion-eventos-medio-ambiente-y-cultura-cancun-center-185x300.jpg 185w, https:\/\/edecanescancun.mx\/wp-content\/uploads\/2025\/12\/Centro-de-convenciones-de-Cancun-Un-punto-de-encuentro-internacional-para-negocios-educacion-eventos-medio-ambiente-y-cultura-cancun-center.jpg 247w\" sizes=\"(max-width: 185px) 100vw, 185px\" \/><\/div><a class=\"wp-block-latest-posts__post-title\" href=\"https:\/\/edecanescancun.mx\/en\/contacto-a-clientes\/\">CONTACTO A CLIENTES<\/a><div class=\"wp-block-latest-posts__post-author\">by EDECANES_cancun<\/div><time datetime=\"2025-12-23T18:45:50+00:00\" class=\"wp-block-latest-posts__post-date\">December 23, 2025<\/time><div class=\"wp-block-latest-posts__post-excerpt\">CONTACTENOS Y COTICE AHORA AGENCIA DE MODELOS CANCUN | EDECANES CANCUN | AGENCIA DE PROMOCIONES | HOSTESS | FIESTAS | &nbsp;EVENTOS &#8230; <a title=\"CONTACTO A CLIENTES\" class=\"read-more\" href=\"https:\/\/edecanescancun.mx\/en\/contacto-a-clientes\/\" aria-label=\"Read more about CONTACTO A CLIENTES\">Read more<\/a><\/div><\/li>\n<li><div class=\"wp-block-latest-posts__featured-image aligncenter\"><img decoding=\"async\" width=\"265\" height=\"300\" src=\"https:\/\/edecanescancun.mx\/wp-content\/uploads\/2025\/12\/2026-A-2028-AGENCIAS-de-MODELOS-en-CANCUN-y-PLAYA-del-CARMEN-tulum-265x300.jpg\" class=\"attachment-medium size-medium wp-post-image\" alt=\"2026-A-2028-AGENCIAS-de-MODELOS-en-CANCUN-y-PLAYA-del-CARMEN-tulum\" style=\"\" srcset=\"https:\/\/edecanescancun.mx\/wp-content\/uploads\/2025\/12\/2026-A-2028-AGENCIAS-de-MODELOS-en-CANCUN-y-PLAYA-del-CARMEN-tulum-265x300.jpg 265w, https:\/\/edecanescancun.mx\/wp-content\/uploads\/2025\/12\/2026-A-2028-AGENCIAS-de-MODELOS-en-CANCUN-y-PLAYA-del-CARMEN-tulum.jpg 353w\" sizes=\"(max-width: 265px) 100vw, 265px\" \/><\/div><a class=\"wp-block-latest-posts__post-title\" href=\"https:\/\/edecanescancun.mx\/en\/animadores-cancun-gios\/\">ANIMADORES CANCUN GIOS<\/a><div class=\"wp-block-latest-posts__post-author\">by EDECANES_cancun<\/div><time datetime=\"2025-12-22T22:56:20+00:00\" class=\"wp-block-latest-posts__post-date\">December 22, 2025<\/time><div class=\"wp-block-latest-posts__post-excerpt\">Somos la agencia numero uno de eventos&nbsp; en Cancun Toda la Riviera Maya&nbsp;Playa del Carmen, Tulum y peninsula de Yucatan Les &#8230; <a title=\"ANIMADORES CANCUN GIOS\" class=\"read-more\" href=\"https:\/\/edecanescancun.mx\/en\/animadores-cancun-gios\/\" aria-label=\"Read more about ANIMADORES CANCUN GIOS\">Read more<\/a><\/div><\/li>\n<\/ul>\n\n\n<p>* SERVICIOS *<\/p>\n\n\n\n<p>EDECANES&nbsp;cancun | AGENCIA&nbsp;promotoras | AGENCIA&nbsp;modelos | CANCUN QUINTANA ROO | CANCUN |PLAYA DEL CARMEN | RIVIERA MAYA&nbsp;| EDECANES PARA TORNEOS DE GOLF&nbsp;| AGENCIA DE MODELOS PARA PASARELAS EN CANCUN&nbsp;| PROMOTORAS MOTOCRAFT&nbsp;&nbsp;| EDECANES PARA PRUCCIONES DE TV Y MUSICA&nbsp;| EDECANES PARA TORNEOS DE TENIS&nbsp;| EDECANES PARA TORNEOS DE FUT BOAL | edecanes para convenciones en Cancun| edecanes para activaciones en Cancun | edecanes para congresos en Cancun| edecanes para zona hotelera en Cancun | <\/p>\n\n\n\n<p>*SERVICES *<\/p>\n\n\n\n<p>INTERNATIONAL MODELLING AGENCIES | TOP MODEL | RUNWAY FASHION MODEL | HOTEL ZONE CANCUN HOSTESS | RENT YACHT FOR PRIVATES PARTIES AND SHOWS VIP | FASHION MODELS EVENTS | DIVE PRODUCTIONS OF PHOTOGRAPHY AND VIDEOS | CASTING | HAIR SHOW | DEVEPOLMENT OF BRANDS | MARKETING STRATEGY DESK | YELLOW KORNER AGENCY YATCH | GOLDEN SERVICES LUXURY LIMOUSSINE AND GIRLS FOR GUEST | CANCUN QUINTANA ROO| CANCUN |PLAYA DEL CARMEN | RIVIERA MAYA | TULUM | PUERTO AVENTURAS | PUERTO MORELOS | MAHAHUAL | COZUMEL | ISLA MUJERES | CHICHEN ITZA | CENOTES | XCARET<\/p>\n\n\n\n<p><\/p>\n","protected":false},"excerpt":{"rendered":"<p>EDECANES PARA CONVENCIONES, CONGRESOS Y ACTIVACIONES EN CANCUN * SERVICIOS * EDECANES&nbsp;cancun | AGENCIA&nbsp;promotoras | AGENCIA&nbsp;modelos | CANCUN QUINTANA ROO | CANCUN |PLAYA DEL CARMEN | RIVIERA MAYA&nbsp;| EDECANES PARA TORNEOS DE GOLF&nbsp;| AGENCIA DE MODELOS PARA PASARELAS EN CANCUN&nbsp;| PROMOTORAS MOTOCRAFT&nbsp;&nbsp;| EDECANES PARA PRUCCIONES DE TV Y MUSICA&nbsp;| EDECANES PARA TORNEOS DE TENIS&nbsp;| EDECANES &#8230; <a title=\"HOME\" class=\"read-more\" href=\"https:\/\/edecanescancun.mx\/en\/inicio\/\" aria-label=\"Read more about INICIO\">Read more<\/a><\/p>","protected":false},"author":1,"featured_media":0,"parent":0,"menu_order":0,"comment_status":"closed","ping_status":"closed","template":"","meta":{"_monsterinsights_skip_tracking":false,"_monsterinsights_sitenote_active":false,"_monsterinsights_sitenote_note":"","_monsterinsights_sitenote_category":0,"footnotes":""},"class_list":["post-666","page","type-page","status-publish"],"aioseo_notices":[],"_links":{"self":[{"href":"https:\/\/edecanescancun.mx\/en\/wp-json\/wp\/v2\/pages\/666","targetHints":{"allow":["GET"]}}],"collection":[{"href":"https:\/\/edecanescancun.mx\/en\/wp-json\/wp\/v2\/pages"}],"about":[{"href":"https:\/\/edecanescancun.mx\/en\/wp-json\/wp\/v2\/types\/page"}],"author":[{"embeddable":true,"href":"https:\/\/edecanescancun.mx\/en\/wp-json\/wp\/v2\/users\/1"}],"replies":[{"embeddable":true,"href":"https:\/\/edecanescancun.mx\/en\/wp-json\/wp\/v2\/comments?post=666"}],"version-history":[{"count":0,"href":"https:\/\/edecanescancun.mx\/en\/wp-json\/wp\/v2\/pages\/666\/revisions"}],"wp:attachment":[{"href":"https:\/\/edecanescancun.mx\/en\/wp-json\/wp\/v2\/media?parent=666"}],"curies":[{"name":"wp","href":"https:\/\/api.w.org\/{rel}","templated":true}]}}