{"id":395,"date":"2021-10-28T20:56:42","date_gmt":"2021-10-28T20:56:42","guid":{"rendered":"https:\/\/edecanescancun.mx\/?page_id=395"},"modified":"2026-04-02T22:40:21","modified_gmt":"2026-04-02T22:40:21","slug":"contacto","status":"publish","type":"page","link":"https:\/\/edecanescancun.mx\/en\/contacto\/","title":{"rendered":"CONTACT US"},"content":{"rendered":"<p>At our agency, we understand that your brand's image is the most valuable asset in the Riviera Maya. For this reason, we provide you with a team of TRADE show MODELS and high-level protocol staff, selected under the strictest standards of <strong>professionalism, elegance and proactivity .<\/strong>. Whether for international congresses, brand launches, or elite corporate events in Cancun, our mission is to transform every interaction into a TRADE show MODELS experience that enhances your commercial presence. <strong>Contact us today and let us be the ambassadors of excellence that your project deserves<\/strong>. <\/p>\n\n\n\n<p>TRADE show MODELS cancun | PROMOTIONAL agencies | MODEL agencies | PROMOTERS cancun | TRADE show MODELS agencies | CANCUN quintana ROO | HOSTESS agency IN cancun | mexico<\/p>\n\n\n\n<figure class=\"wp-block-image size-full\"><img decoding=\"async\" width=\"437\" height=\"400\" src=\"https:\/\/edecanescancun.mx\/wp-content\/uploads\/2025\/12\/CANCUN-modelos-SHOTING-videos-CONGRESOS-convenciones.jpg\" alt=\"CANCUN-modelos-SHOTING-videos-CONGRESOS-convenciones\" class=\"wp-image-444\" srcset=\"https:\/\/edecanescancun.mx\/wp-content\/uploads\/2025\/12\/CANCUN-modelos-SHOTING-videos-CONGRESOS-convenciones.jpg 437w, https:\/\/edecanescancun.mx\/wp-content\/uploads\/2025\/12\/CANCUN-modelos-SHOTING-videos-CONGRESOS-convenciones-300x275.jpg 300w\" sizes=\"(max-width: 437px) 100vw, 437px\" \/><figcaption class=\"wp-element-caption\">CANCUN-models-SHOTING-videos-CONGRESS-conventions<\/figcaption><\/figure>","protected":false},"excerpt":{"rendered":"<p>En nuestra agencia, entendemos que la imagen de su marca es el activo m\u00e1s valioso en la Riviera Maya. Por ello, ponemos a su disposici\u00f3n un equipo de edecanes y personal de protocolo de alto nivel, seleccionados bajo los m\u00e1s estrictos est\u00e1ndares de profesionalismo, elegancia y proactividad. Ya sea para congresos internacionales, lanzamientos de marca &#8230; <a title=\"CONTACT US\" class=\"read-more\" href=\"https:\/\/edecanescancun.mx\/en\/contacto\/\" aria-label=\"Read more about CONTACTO\">Read more<\/a><\/p>","protected":false},"author":1,"featured_media":444,"parent":0,"menu_order":0,"comment_status":"closed","ping_status":"closed","template":"","meta":{"_monsterinsights_skip_tracking":false,"_monsterinsights_sitenote_active":false,"_monsterinsights_sitenote_note":"","_monsterinsights_sitenote_category":0,"footnotes":""},"class_list":["post-395","page","type-page","status-publish","has-post-thumbnail"],"aioseo_notices":[],"_links":{"self":[{"href":"https:\/\/edecanescancun.mx\/en\/wp-json\/wp\/v2\/pages\/395","targetHints":{"allow":["GET"]}}],"collection":[{"href":"https:\/\/edecanescancun.mx\/en\/wp-json\/wp\/v2\/pages"}],"about":[{"href":"https:\/\/edecanescancun.mx\/en\/wp-json\/wp\/v2\/types\/page"}],"author":[{"embeddable":true,"href":"https:\/\/edecanescancun.mx\/en\/wp-json\/wp\/v2\/users\/1"}],"replies":[{"embeddable":true,"href":"https:\/\/edecanescancun.mx\/en\/wp-json\/wp\/v2\/comments?post=395"}],"version-history":[{"count":0,"href":"https:\/\/edecanescancun.mx\/en\/wp-json\/wp\/v2\/pages\/395\/revisions"}],"wp:featuredmedia":[{"embeddable":true,"href":"https:\/\/edecanescancun.mx\/en\/wp-json\/wp\/v2\/media\/444"}],"wp:attachment":[{"href":"https:\/\/edecanescancun.mx\/en\/wp-json\/wp\/v2\/media?parent=395"}],"curies":[{"name":"wp","href":"https:\/\/api.w.org\/{rel}","templated":true}]}}